{"id":228,"date":"2016-07-24T20:38:41","date_gmt":"2016-07-24T18:38:41","guid":{"rendered":"http:\/\/friseur-kaiserschnitt.de.w0147810.kasserver.com\/?page_id=228"},"modified":"2022-11-09T17:40:00","modified_gmt":"2022-11-09T16:40:00","slug":"wip","status":"publish","type":"page","link":"http:\/\/friseur-kaiserschnitt.de.w0147810.kasserver.com\/","title":{"rendered":"wip"},"content":{"rendered":"<p>[vc_row row_type=&#8220;row&#8220; use_row_as_full_screen_section=&#8220;no&#8220; type=&#8220;grid&#8220; angled_section=&#8220;no&#8220; text_align=&#8220;left&#8220; background_image_as_pattern=&#8220;without_pattern&#8220; css_animation=&#8220;element_from_top&#8220; css=&#8220;.vc_custom_1469385668811{margin-top: 80px !important;margin-bottom: 80px !important;}&#8220;][vc_column][vc_column_text]<\/p>\n<h1 class=\"logo salon\" style=\"text-align: center;\">Salon<\/h1>\n<h3 style=\"text-align: center;\">KAISERSCHNITT<\/h3>\n<p>[\/vc_column_text][\/vc_column][\/vc_row][vc_row row_type=&#8220;row&#8220; use_row_as_full_screen_section=&#8220;no&#8220; type=&#8220;full_width&#8220; angled_section=&#8220;no&#8220; text_align=&#8220;left&#8220; background_image_as_pattern=&#8220;without_pattern&#8220; css_animation=&#8220;&#8220;][vc_column width=&#8220;1\/4&#8243;][\/vc_column][vc_column width=&#8220;1\/2&#8243;][vc_column_text]<\/p>\n<h5 style=\"text-align: center;\">Hier entsteht gerade die neue Kaiserschnitt Webpr\u00e4senz. Wir freuen uns euch bald nicht nur in unserem Laden, sondern auch auf der neuen Website begr\u00fc\u00dfen zu d\u00fcrfen!<\/h5>\n<p>[\/vc_column_text][\/vc_column][vc_column width=&#8220;1\/4&#8243;][\/vc_column][\/vc_row][vc_row row_type=&#8220;row&#8220; use_row_as_full_screen_section=&#8220;no&#8220; type=&#8220;grid&#8220; angled_section=&#8220;no&#8220; text_align=&#8220;left&#8220; background_image_as_pattern=&#8220;without_pattern&#8220; padding_top=&#8220;120&#8243; padding_bottom=&#8220;60&#8243; css_animation=&#8220;&#8220;][vc_column][vc_column_text]<\/p>\n<h4><\/h4>\n<h4>Friseur Kaiserschnitt<\/h4>\n<p>W\u00fchlischstrasse 34<br \/>\n10245 Berlin-Friedrichshain<\/p>\n<p>030 29779007<br \/>\nsalonkaiserschnitt@googlemail.com<\/p>\n<h5><\/h5>\n<p>&nbsp;<\/p>\n<h5>\u00d6ffnungszeiten<\/h5>\n<p><strong>Mo-Fr:<\/strong><br \/>\n11:00 \u2013 20:00<br \/>\n<strong>Sa:<\/strong><br \/>\n11:00 \u2013 16:00<\/p>\n<h5><\/h5>\n<p>&nbsp;<\/p>\n<h5>\u00d6ffentliche Verkehrsmittel<\/h5>\n<p>U+S Warschauerstra\u00dfe<br \/>\nU+S Frankfurter Tor<br \/>\nM13 W\u00fchlischstr.\/ G\u00e4rtnerstr.[\/vc_column_text][\/vc_column][\/vc_row]<\/p>\n","protected":false},"excerpt":{"rendered":"<p>[vc_row row_type=&#8220;row&#8220; use_row_as_full_screen_section=&#8220;no&#8220; type=&#8220;grid&#8220; angled_section=&#8220;no&#8220; text_align=&#8220;left&#8220; background_image_as_pattern=&#8220;without_pattern&#8220; css_animation=&#8220;element_from_top&#8220; css=&#8220;.vc_custom_1469385668811{margin-top: 80px !important;margin-bottom: 80px !important;}&#8220;][vc_column][vc_column_text] Salon KAISERSCHNITT [\/vc_column_text][\/vc_column][\/vc_row][vc_row row_type=&#8220;row&#8220; use_row_as_full_screen_section=&#8220;no&#8220; type=&#8220;full_width&#8220; angled_section=&#8220;no&#8220; text_align=&#8220;left&#8220; background_image_as_pattern=&#8220;without_pattern&#8220; css_animation=&#8220;&#8220;][vc_column width=&#8220;1\/4&#8243;][\/vc_column][vc_column width=&#8220;1\/2&#8243;][vc_column_text] Hier entsteht gerade die neue&#8230;<\/p>\n","protected":false},"author":1,"featured_media":0,"parent":0,"menu_order":0,"comment_status":"closed","ping_status":"closed","template":"full_width.php","meta":[],"_links":{"self":[{"href":"http:\/\/friseur-kaiserschnitt.de.w0147810.kasserver.com\/index.php\/wp-json\/wp\/v2\/pages\/228"}],"collection":[{"href":"http:\/\/friseur-kaiserschnitt.de.w0147810.kasserver.com\/index.php\/wp-json\/wp\/v2\/pages"}],"about":[{"href":"http:\/\/friseur-kaiserschnitt.de.w0147810.kasserver.com\/index.php\/wp-json\/wp\/v2\/types\/page"}],"author":[{"embeddable":true,"href":"http:\/\/friseur-kaiserschnitt.de.w0147810.kasserver.com\/index.php\/wp-json\/wp\/v2\/users\/1"}],"replies":[{"embeddable":true,"href":"http:\/\/friseur-kaiserschnitt.de.w0147810.kasserver.com\/index.php\/wp-json\/wp\/v2\/comments?post=228"}],"version-history":[{"count":4,"href":"http:\/\/friseur-kaiserschnitt.de.w0147810.kasserver.com\/index.php\/wp-json\/wp\/v2\/pages\/228\/revisions"}],"predecessor-version":[{"id":233,"href":"http:\/\/friseur-kaiserschnitt.de.w0147810.kasserver.com\/index.php\/wp-json\/wp\/v2\/pages\/228\/revisions\/233"}],"wp:attachment":[{"href":"http:\/\/friseur-kaiserschnitt.de.w0147810.kasserver.com\/index.php\/wp-json\/wp\/v2\/media?parent=228"}],"curies":[{"name":"wp","href":"https:\/\/api.w.org\/{rel}","templated":true}]}}